{"id":2278,"date":"2025-04-08T14:15:46","date_gmt":"2025-04-08T14:15:46","guid":{"rendered":"https:\/\/no1td.com\/?page_id=2278"},"modified":"2025-04-08T15:31:30","modified_gmt":"2025-04-08T15:31:30","slug":"import-export-logistics","status":"publish","type":"page","link":"https:\/\/no1td.com\/?page_id=2278","title":{"rendered":"Import Export Logistics"},"content":{"rendered":"\t\t<div data-elementor-type=\"wp-page\" data-elementor-id=\"2278\" class=\"elementor elementor-2278\">\n\t\t\t\t<div class=\"elementor-element elementor-element-a3cf187 e-con-full e-flex wpr-particle-no wpr-jarallax-no wpr-parallax-no wpr-sticky-section-no wpr-equal-height-no e-con e-child\" data-id=\"a3cf187\" data-element_type=\"container\" data-e-type=\"container\" data-settings=\"{&quot;background_background&quot;:&quot;classic&quot;}\">\n\t\t<div class=\"elementor-element elementor-element-8d3e8e9 e-flex e-con-boxed wpr-particle-no wpr-jarallax-no wpr-parallax-no wpr-sticky-section-no wpr-equal-height-no e-con e-child\" data-id=\"8d3e8e9\" data-element_type=\"container\" data-e-type=\"container\">\n\t\t\t\t\t<div class=\"e-con-inner\">\n\t\t\t\t\t<\/div>\n\t\t\t\t<\/div>\n\t\t\t\t<\/div>\n\t\t<div class=\"elementor-element elementor-element-5a16da42 e-con-full e-flex wpr-particle-no wpr-jarallax-no wpr-parallax-no wpr-sticky-section-no wpr-equal-height-no e-con e-parent\" data-id=\"5a16da42\" data-element_type=\"container\" data-e-type=\"container\">\n\t\t<div class=\"elementor-element elementor-element-4543fef0 e-con-full e-flex wpr-particle-no wpr-jarallax-no wpr-parallax-no wpr-sticky-section-no wpr-equal-height-no e-con e-child\" data-id=\"4543fef0\" data-element_type=\"container\" data-e-type=\"container\" data-settings=\"{&quot;background_background&quot;:&quot;classic&quot;}\">\n\t\t<div class=\"elementor-element elementor-element-7af141fb e-flex e-con-boxed wpr-particle-no wpr-jarallax-no wpr-parallax-no wpr-sticky-section-no wpr-equal-height-no e-con e-child\" data-id=\"7af141fb\" data-element_type=\"container\" data-e-type=\"container\">\n\t\t\t\t\t<div class=\"e-con-inner\">\n\t\t\t\t<div class=\"elementor-element elementor-element-410b31b8 elementor-widget elementor-widget-wpr-post-title\" data-id=\"410b31b8\" data-element_type=\"widget\" data-e-type=\"widget\" data-widget_type=\"wpr-post-title.default\">\n\t\t\t\t<div class=\"elementor-widget-container\">\n\t\t\t\t\t<h1 class=\"wpr-post-title\">Import Export Logistics<\/h1>\t\t\t\t<\/div>\n\t\t\t\t<\/div>\n\t\t\t\t\t<\/div>\n\t\t\t\t<\/div>\n\t\t<div class=\"elementor-element elementor-element-92d4727 e-grid e-con-full wpr-particle-no wpr-jarallax-no wpr-parallax-no wpr-sticky-section-no wpr-equal-height-no e-con e-child\" data-id=\"92d4727\" data-element_type=\"container\" data-e-type=\"container\">\n\t\t<div class=\"elementor-element elementor-element-5089db23 e-con-full e-flex wpr-particle-no wpr-jarallax-no wpr-parallax-no wpr-sticky-section-no wpr-equal-height-no e-con e-child\" data-id=\"5089db23\" data-element_type=\"container\" data-e-type=\"container\">\n\t\t\t\t<div class=\"elementor-element elementor-element-457e7c01 elementor-widget elementor-widget-image\" data-id=\"457e7c01\" data-element_type=\"widget\" data-e-type=\"widget\" data-widget_type=\"image.default\">\n\t\t\t\t<div class=\"elementor-widget-container\">\n\t\t\t\t\t\t\t\t\t\t\t\t\t\t\t<img fetchpriority=\"high\" decoding=\"async\" width=\"626\" height=\"625\" src=\"https:\/\/no1td.com\/wp-content\/uploads\/2025\/04\/datashipments.jpg\" class=\"attachment-large size-large wp-image-2290\" alt=\"\" srcset=\"https:\/\/no1td.com\/wp-content\/uploads\/2025\/04\/datashipments.jpg 626w, https:\/\/no1td.com\/wp-content\/uploads\/2025\/04\/datashipments-300x300.jpg 300w, https:\/\/no1td.com\/wp-content\/uploads\/2025\/04\/datashipments-150x150.jpg 150w\" sizes=\"(max-width: 626px) 100vw, 626px\" \/>\t\t\t\t\t\t\t\t\t\t\t\t\t\t\t<\/div>\n\t\t\t\t<\/div>\n\t\t\t\t<\/div>\n\t\t<div class=\"elementor-element elementor-element-bcbbb85 e-con-full e-flex wpr-particle-no wpr-jarallax-no wpr-parallax-no wpr-sticky-section-no wpr-equal-height-no e-con e-child\" data-id=\"bcbbb85\" data-element_type=\"container\" data-e-type=\"container\">\n\t\t\t\t<div class=\"elementor-element elementor-element-74613074 elementor-widget elementor-widget-heading\" data-id=\"74613074\" data-element_type=\"widget\" data-e-type=\"widget\" data-widget_type=\"heading.default\">\n\t\t\t\t<div class=\"elementor-widget-container\">\n\t\t\t\t\t<h2 class=\"elementor-heading-title elementor-size-default\">Customers' Journeys<\/h2>\t\t\t\t<\/div>\n\t\t\t\t<\/div>\n\t\t\t\t<div class=\"elementor-element elementor-element-68beb67e elementor-widget elementor-widget-heading\" data-id=\"68beb67e\" data-element_type=\"widget\" data-e-type=\"widget\" data-widget_type=\"heading.default\">\n\t\t\t\t<div class=\"elementor-widget-container\">\n\t\t\t\t\t<h2 class=\"elementor-heading-title elementor-size-default\">Navigating Success Stories: Our Clients' Trade Journeys<\/h2>\t\t\t\t<\/div>\n\t\t\t\t<\/div>\n\t\t<div class=\"elementor-element elementor-element-3ff6205f e-flex e-con-boxed wpr-particle-no wpr-jarallax-no wpr-parallax-no wpr-sticky-section-no wpr-equal-height-no e-con e-child\" data-id=\"3ff6205f\" data-element_type=\"container\" data-e-type=\"container\">\n\t\t\t\t\t<div class=\"e-con-inner\">\n\t\t\t\t<div class=\"elementor-element elementor-element-946c713 elementor-widget elementor-widget-counter\" data-id=\"946c713\" data-element_type=\"widget\" data-e-type=\"widget\" data-widget_type=\"counter.default\">\n\t\t\t\t<div class=\"elementor-widget-container\">\n\t\t\t\t\t\t\t<div class=\"elementor-counter\">\n\t\t\t<div class=\"elementor-counter-title\">Auto Transformation<\/div>\t\t\t<div class=\"elementor-counter-number-wrapper\">\n\t\t\t\t<span class=\"elementor-counter-number-prefix\"><\/span>\n\t\t\t\t<span class=\"elementor-counter-number\" data-duration=\"2000\" data-to-value=\"56\" data-from-value=\"0\" data-delimiter=\",\">0<\/span>\n\t\t\t\t<span class=\"elementor-counter-number-suffix\">M+<\/span>\n\t\t\t<\/div>\n\t\t<\/div>\n\t\t\t\t\t\t<\/div>\n\t\t\t\t<\/div>\n\t\t\t\t<div class=\"elementor-element elementor-element-5e08db03 elementor-widget elementor-widget-counter\" data-id=\"5e08db03\" data-element_type=\"widget\" data-e-type=\"widget\" data-widget_type=\"counter.default\">\n\t\t\t\t<div class=\"elementor-widget-container\">\n\t\t\t\t\t\t\t<div class=\"elementor-counter\">\n\t\t\t<div class=\"elementor-counter-title\">Job Success<\/div>\t\t\t<div class=\"elementor-counter-number-wrapper\">\n\t\t\t\t<span class=\"elementor-counter-number-prefix\"><\/span>\n\t\t\t\t<span class=\"elementor-counter-number\" data-duration=\"2000\" data-to-value=\"93\" data-from-value=\"0\" data-delimiter=\",\">0<\/span>\n\t\t\t\t<span class=\"elementor-counter-number-suffix\">%<\/span>\n\t\t\t<\/div>\n\t\t<\/div>\n\t\t\t\t\t\t<\/div>\n\t\t\t\t<\/div>\n\t\t\t\t<div class=\"elementor-element elementor-element-175dd188 elementor-widget elementor-widget-counter\" data-id=\"175dd188\" data-element_type=\"widget\" data-e-type=\"widget\" data-widget_type=\"counter.default\">\n\t\t\t\t<div class=\"elementor-widget-container\">\n\t\t\t\t\t\t\t<div class=\"elementor-counter\">\n\t\t\t<div class=\"elementor-counter-title\">Users Worldwide<\/div>\t\t\t<div class=\"elementor-counter-number-wrapper\">\n\t\t\t\t<span class=\"elementor-counter-number-prefix\"><\/span>\n\t\t\t\t<span class=\"elementor-counter-number\" data-duration=\"2000\" data-to-value=\"98\" data-from-value=\"0\" data-delimiter=\",\">0<\/span>\n\t\t\t\t<span class=\"elementor-counter-number-suffix\">M<\/span>\n\t\t\t<\/div>\n\t\t<\/div>\n\t\t\t\t\t\t<\/div>\n\t\t\t\t<\/div>\n\t\t\t\t\t<\/div>\n\t\t\t\t<\/div>\n\t\t\t\t<\/div>\n\t\t\t\t<\/div>\n\t\t\t\t<div class=\"elementor-element elementor-element-7b7576e elementor-widget elementor-widget-heading\" data-id=\"7b7576e\" data-element_type=\"widget\" data-e-type=\"widget\" data-widget_type=\"heading.default\">\n\t\t\t\t<div class=\"elementor-widget-container\">\n\t\t\t\t\t<h2 class=\"elementor-heading-title elementor-size-default\">Sector Categories<\/h2>\t\t\t\t<\/div>\n\t\t\t\t<\/div>\n\t\t\t\t<div class=\"elementor-element elementor-element-0ad70d2 elementor-widget elementor-widget-heading\" data-id=\"0ad70d2\" data-element_type=\"widget\" data-e-type=\"widget\" data-widget_type=\"heading.default\">\n\t\t\t\t<div class=\"elementor-widget-container\">\n\t\t\t\t\t<h2 class=\"elementor-heading-title elementor-size-default\">Revolution in Global Trade..!\nWe provide access to data of all categories<\/h2>\t\t\t\t<\/div>\n\t\t\t\t<\/div>\n\t\t\t\t<div class=\"elementor-element elementor-element-28026b4 elementor-widget elementor-widget-heading\" data-id=\"28026b4\" data-element_type=\"widget\" data-e-type=\"widget\" data-widget_type=\"heading.default\">\n\t\t\t\t<div class=\"elementor-widget-container\">\n\t\t\t\t\t<h2 class=\"elementor-heading-title elementor-size-default\">Tekno Trade ile D\u00fcnyay\u0131 Takip Edin, F\u0131rsatlar\u0131 Yakalay\u0131n\nTekno Trade Data Analiz ve Raporlama Sistemleri olarak, yapay zeka teknolojilerini ve d\u00fcnyan\u0131n en b\u00fcy\u00fck veri ar\u015fivlerini kullanarak k\u00fcresel ticareti anl\u0131k olarak izliyoruz. Sekt\u00f6rler ve alt kategorileriyle ilgili en g\u00fcncel verileri analiz ediyor, sekt\u00f6rlerin d\u00fcnya genelindeki performans\u0131n\u0131 detayl\u0131 bir \u015fekilde takip ediyoruz.\n\nRakiplerinizin pazardaki konumunu, sekt\u00f6rel e\u011filimleri ve ticaret hacimlerini sizin i\u00e7in izliyor; stratejik kararlar alman\u0131zda yol g\u00f6steriyoruz.\n\nD\u00fcnya piyasalar\u0131n\u0131 sizler ad\u0131na 7\/24 takip ediyor, veriye dayal\u0131 g\u00fc\u00e7l\u00fc raporlarla i\u015finize de\u011fer kat\u0131yoruz.\nTekno Trade olarak, verinin g\u00fcc\u00fcyle yan\u0131n\u0131zday\u0131z.<\/h2>\t\t\t\t<\/div>\n\t\t\t\t<\/div>\n\t\t<div class=\"elementor-element elementor-element-2a6df2d e-con-full e-flex wpr-particle-no wpr-jarallax-no wpr-parallax-no wpr-sticky-section-no wpr-equal-height-no e-con e-child\" data-id=\"2a6df2d\" data-element_type=\"container\" data-e-type=\"container\">\n\t\t<div class=\"elementor-element elementor-element-c00518c e-grid e-con-full wpr-particle-no wpr-jarallax-no wpr-parallax-no wpr-sticky-section-no wpr-equal-height-no e-con e-child\" data-id=\"c00518c\" data-element_type=\"container\" data-e-type=\"container\">\n\t\t\t\t<div class=\"elementor-element elementor-element-0bc5181 elementor-widget elementor-widget-image\" data-id=\"0bc5181\" data-element_type=\"widget\" data-e-type=\"widget\" data-widget_type=\"image.default\">\n\t\t\t\t<div class=\"elementor-widget-container\">\n\t\t\t\t\t\t\t\t\t\t\t\t<figure class=\"wp-caption\">\n\t\t\t\t\t\t\t\t\t\t\t<a href=\"https:\/\/no1td.com\/?p=439\">\n\t\t\t\t\t\t\t<img decoding=\"async\" width=\"255\" height=\"255\" src=\"https:\/\/no1td.com\/wp-content\/uploads\/2025\/04\/Ithalat-2.jpg\" class=\"elementor-animation-grow attachment-full size-full wp-image-2291\" alt=\"\" srcset=\"https:\/\/no1td.com\/wp-content\/uploads\/2025\/04\/Ithalat-2.jpg 255w, https:\/\/no1td.com\/wp-content\/uploads\/2025\/04\/Ithalat-2-150x150.jpg 150w\" sizes=\"(max-width: 255px) 100vw, 255px\" \/>\t\t\t\t\t\t\t\t<\/a>\n\t\t\t\t\t\t\t\t\t\t\t<figcaption class=\"widget-image-caption wp-caption-text\">Import<\/figcaption>\n\t\t\t\t\t\t\t\t\t\t<\/figure>\n\t\t\t\t\t\t\t\t\t<\/div>\n\t\t\t\t<\/div>\n\t\t\t\t<div class=\"elementor-element elementor-element-03d2c22 elementor-widget elementor-widget-image\" data-id=\"03d2c22\" data-element_type=\"widget\" data-e-type=\"widget\" data-widget_type=\"image.default\">\n\t\t\t\t<div class=\"elementor-widget-container\">\n\t\t\t\t\t\t\t\t\t\t\t\t<figure class=\"wp-caption\">\n\t\t\t\t\t\t\t\t\t\t\t<a href=\"https:\/\/no1td.com\/?p=439\">\n\t\t\t\t\t\t\t<img decoding=\"async\" width=\"283\" height=\"283\" src=\"https:\/\/no1td.com\/wp-content\/uploads\/2025\/04\/sektorler-ALT-export.jpg\" class=\"elementor-animation-grow attachment-full size-full wp-image-2293\" alt=\"\" srcset=\"https:\/\/no1td.com\/wp-content\/uploads\/2025\/04\/sektorler-ALT-export.jpg 283w, https:\/\/no1td.com\/wp-content\/uploads\/2025\/04\/sektorler-ALT-export-150x150.jpg 150w\" sizes=\"(max-width: 283px) 100vw, 283px\" \/>\t\t\t\t\t\t\t\t<\/a>\n\t\t\t\t\t\t\t\t\t\t\t<figcaption class=\"widget-image-caption wp-caption-text\">Export<\/figcaption>\n\t\t\t\t\t\t\t\t\t\t<\/figure>\n\t\t\t\t\t\t\t\t\t<\/div>\n\t\t\t\t<\/div>\n\t\t\t\t<div class=\"elementor-element elementor-element-cac9200 elementor-widget elementor-widget-image\" data-id=\"cac9200\" data-element_type=\"widget\" data-e-type=\"widget\" data-widget_type=\"image.default\">\n\t\t\t\t<div class=\"elementor-widget-container\">\n\t\t\t\t\t\t\t\t\t\t\t\t<figure class=\"wp-caption\">\n\t\t\t\t\t\t\t\t\t\t\t<a href=\"https:\/\/no1td.com\/?p=2048\">\n\t\t\t\t\t\t\t<img loading=\"lazy\" decoding=\"async\" width=\"283\" height=\"283\" src=\"https:\/\/no1td.com\/wp-content\/uploads\/2025\/04\/sektorler-ALT-lojistik-tasimaciligi.jpg\" class=\"elementor-animation-grow attachment-full size-full wp-image-2294\" alt=\"\" srcset=\"https:\/\/no1td.com\/wp-content\/uploads\/2025\/04\/sektorler-ALT-lojistik-tasimaciligi.jpg 283w, https:\/\/no1td.com\/wp-content\/uploads\/2025\/04\/sektorler-ALT-lojistik-tasimaciligi-150x150.jpg 150w\" sizes=\"(max-width: 283px) 100vw, 283px\" \/>\t\t\t\t\t\t\t\t<\/a>\n\t\t\t\t\t\t\t\t\t\t\t<figcaption class=\"widget-image-caption wp-caption-text\">Logistics Transportation<\/figcaption>\n\t\t\t\t\t\t\t\t\t\t<\/figure>\n\t\t\t\t\t\t\t\t\t<\/div>\n\t\t\t\t<\/div>\n\t\t\t\t<div class=\"elementor-element elementor-element-0f04eb9 elementor-widget elementor-widget-image\" data-id=\"0f04eb9\" data-element_type=\"widget\" data-e-type=\"widget\" data-widget_type=\"image.default\">\n\t\t\t\t<div class=\"elementor-widget-container\">\n\t\t\t\t\t\t\t\t\t\t\t\t<figure class=\"wp-caption\">\n\t\t\t\t\t\t\t\t\t\t\t<a href=\"https:\/\/no1td.com\/?p=439\">\n\t\t\t\t\t\t\t<img loading=\"lazy\" decoding=\"async\" width=\"283\" height=\"283\" src=\"https:\/\/no1td.com\/wp-content\/uploads\/2025\/04\/sektorler-ALT-lojistik-binalar.jpg\" class=\"elementor-animation-grow attachment-full size-full wp-image-2295\" alt=\"\" srcset=\"https:\/\/no1td.com\/wp-content\/uploads\/2025\/04\/sektorler-ALT-lojistik-binalar.jpg 283w, https:\/\/no1td.com\/wp-content\/uploads\/2025\/04\/sektorler-ALT-lojistik-binalar-150x150.jpg 150w\" sizes=\"(max-width: 283px) 100vw, 283px\" \/>\t\t\t\t\t\t\t\t<\/a>\n\t\t\t\t\t\t\t\t\t\t\t<figcaption class=\"widget-image-caption wp-caption-text\">Logistics Storage<\/figcaption>\n\t\t\t\t\t\t\t\t\t\t<\/figure>\n\t\t\t\t\t\t\t\t\t<\/div>\n\t\t\t\t<\/div>\n\t\t\t\t<\/div>\n\t\t\t\t<\/div>\n\t\t\t\t<\/div>\n\t\t\t\t<\/div>\n\t\t<div class=\"elementor-element elementor-element-8f38470 e-flex e-con-boxed wpr-particle-no wpr-jarallax-no wpr-parallax-no wpr-sticky-section-no wpr-equal-height-no e-con e-parent\" data-id=\"8f38470\" data-element_type=\"container\" data-e-type=\"container\">\n\t\t\t\t\t<div class=\"e-con-inner\">\n\t\t<div class=\"elementor-element elementor-element-1d55641 e-flex e-con-boxed wpr-particle-no wpr-jarallax-no wpr-parallax-no wpr-sticky-section-no wpr-equal-height-no e-con e-child\" data-id=\"1d55641\" data-element_type=\"container\" data-e-type=\"container\">\n\t\t\t\t\t<div class=\"e-con-inner\">\n\t\t\t\t<div class=\"elementor-element elementor-element-13056b0 elementor-widget elementor-widget-heading\" data-id=\"13056b0\" data-element_type=\"widget\" data-e-type=\"widget\" data-widget_type=\"heading.default\">\n\t\t\t\t<div class=\"elementor-widget-container\">\n\t\t\t\t\t<h2 class=\"elementor-heading-title elementor-size-default\">AI Features<\/h2>\t\t\t\t<\/div>\n\t\t\t\t<\/div>\n\t\t\t\t<div class=\"elementor-element elementor-element-87cac71 elementor-widget elementor-widget-heading\" data-id=\"87cac71\" data-element_type=\"widget\" data-e-type=\"widget\" data-widget_type=\"heading.default\">\n\t\t\t\t<div class=\"elementor-widget-container\">\n\t\t\t\t\t<h2 class=\"elementor-heading-title elementor-size-default\">Personalized Recommendations<\/h2>\t\t\t\t<\/div>\n\t\t\t\t<\/div>\n\t\t\t\t<div class=\"elementor-element elementor-element-3762a54 elementor-widget elementor-widget-text-editor\" data-id=\"3762a54\" data-element_type=\"widget\" data-e-type=\"widget\" data-widget_type=\"text-editor.default\">\n\t\t\t\t<div class=\"elementor-widget-container\">\n\t\t\t\t\t\t\t\t\t<p class=\"\" data-start=\"159\" data-end=\"426\">In today\u2019s fast-changing global trade landscape, having access to the right data at the right time\u2014and knowing how to use it\u2014is more critical than ever. This is where artificial intelligence brings a new dimension to trade data analysis and strategic decision-making.<\/p><p class=\"\" data-start=\"428\" data-end=\"762\">Our AI-powered solutions <strong data-start=\"453\" data-end=\"529\">scan, process, and analyze millions of global trade records in real time<\/strong>. More than just raw data, our system customizes insights based on your specific industry needs, allowing you to identify key exporters, importers, market trends, and emerging opportunities\u2014tailored precisely to your business sector.<\/p><h4 class=\"\" data-start=\"764\" data-end=\"818\">What Do Personalized Industry Analytics Offer?<\/h4><ul data-start=\"819\" data-end=\"1138\"><li class=\"\" data-start=\"819\" data-end=\"885\"><p class=\"\" data-start=\"821\" data-end=\"885\"><strong data-start=\"821\" data-end=\"853\">Sector-specific trade trends<\/strong> and market shifts at a glance<\/p><\/li><li class=\"\" data-start=\"886\" data-end=\"964\"><p class=\"\" data-start=\"888\" data-end=\"964\">In-depth <strong data-start=\"897\" data-end=\"925\">competitive intelligence<\/strong> and alternative supply chain options<\/p><\/li><li class=\"\" data-start=\"965\" data-end=\"1020\"><p class=\"\" data-start=\"967\" data-end=\"1020\">Comparative <strong data-start=\"979\" data-end=\"1018\">customs data by country and product<\/strong><\/p><\/li><li class=\"\" data-start=\"1021\" data-end=\"1071\"><p class=\"\" data-start=\"1023\" data-end=\"1071\"><strong data-start=\"1023\" data-end=\"1049\">Import\/export heatmaps<\/strong> by product category<\/p><\/li><li class=\"\" data-start=\"1072\" data-end=\"1138\"><p class=\"\" data-start=\"1074\" data-end=\"1138\">Real-time, actionable insights to <strong data-start=\"1108\" data-end=\"1138\">accelerate decision-making<\/strong><\/p><\/li><\/ul><h4 class=\"\" data-start=\"1140\" data-end=\"1176\">Why Artificial Intelligence?<\/h4><p class=\"\" data-start=\"1177\" data-end=\"1414\">AI can detect patterns and relationships within massive datasets that are otherwise invisible to the human eye. This enables forward-looking strategies, early trend identification, and risk mitigation\u2014<strong data-start=\"1378\" data-end=\"1413\">all customized to your industry<\/strong>.<\/p><h4 class=\"\" data-start=\"1416\" data-end=\"1440\">Who Can Benefit?<\/h4><ul data-start=\"1441\" data-end=\"1645\"><li class=\"\" data-start=\"1441\" data-end=\"1474\"><p class=\"\" data-start=\"1443\" data-end=\"1474\">International trade companies<\/p><\/li><li class=\"\" data-start=\"1475\" data-end=\"1519\"><p class=\"\" data-start=\"1477\" data-end=\"1519\">Logistics and supply chain professionals<\/p><\/li><li class=\"\" data-start=\"1520\" data-end=\"1552\"><p class=\"\" data-start=\"1522\" data-end=\"1552\">Sectoral investment advisors<\/p><\/li><li class=\"\" data-start=\"1553\" data-end=\"1597\"><p class=\"\" data-start=\"1555\" data-end=\"1597\">Exporter associations and trade chambers<\/p><\/li><li class=\"\" data-start=\"1598\" data-end=\"1645\"><p class=\"\" data-start=\"1600\" data-end=\"1645\">Businesses developing market entry strategies<\/p><\/li><\/ul>\t\t\t\t\t\t\t\t<\/div>\n\t\t\t\t<\/div>\n\t\t\t\t\t<\/div>\n\t\t\t\t<\/div>\n\t\t\t\t\t<\/div>\n\t\t\t\t<\/div>\n\t\t\t\t<\/div>\n\t\t","protected":false},"excerpt":{"rendered":"<p>Import Export Logistics Customers&#8217; Journeys Navigating Success Stories: Our Clients&#8217; Trade Journeys Auto Transformation 0 M+ Job Success 0 % Users Worldwide 0 M Sector Categories Revolution in Global Trade..! We provide access to data of all categories Tekno Trade ile D\u00fcnyay\u0131 Takip Edin, F\u0131rsatlar\u0131 Yakalay\u0131n Tekno Trade Data Analiz ve Raporlama Sistemleri olarak, yapay zeka teknolojilerini ve d\u00fcnyan\u0131n en b\u00fcy\u00fck veri ar\u015fivlerini kullanarak k\u00fcresel ticareti anl\u0131k olarak izliyoruz. Sekt\u00f6rler ve alt kategorileriyle ilgili en g\u00fcncel verileri analiz ediyor, sekt\u00f6rlerin d\u00fcnya genelindeki performans\u0131n\u0131 detayl\u0131 bir \u015fekilde takip ediyoruz. Rakiplerinizin pazardaki konumunu, sekt\u00f6rel e\u011filimleri ve ticaret hacimlerini sizin i\u00e7in izliyor; stratejik kararlar alman\u0131zda yol g\u00f6steriyoruz. D\u00fcnya piyasalar\u0131n\u0131 sizler ad\u0131na 7\/24 takip ediyor, veriye dayal\u0131 g\u00fc\u00e7l\u00fc raporlarla i\u015finize de\u011fer kat\u0131yoruz. Tekno Trade olarak, verinin g\u00fcc\u00fcyle yan\u0131n\u0131zday\u0131z. Import Export Logistics Transportation Logistics Storage AI Features Personalized Recommendations In today\u2019s fast-changing global trade landscape, having access to the right data at the right time\u2014and knowing how to use it\u2014is more critical than ever. This is where artificial intelligence brings a new dimension to trade data analysis and strategic decision-making. Our AI-powered solutions scan, process, and analyze millions of global trade records in real time. More than just raw data, our system customizes insights based on your specific industry needs, allowing you to identify key exporters, importers, market trends, and emerging opportunities\u2014tailored precisely to your business sector. What Do Personalized Industry Analytics Offer? Sector-specific trade trends and market shifts at a glance In-depth competitive intelligence and alternative supply chain options Comparative customs data by country and product Import\/export heatmaps by product category Real-time, actionable insights to accelerate decision-making Why Artificial Intelligence? AI can detect patterns and relationships within massive datasets that are otherwise invisible to the human eye. This enables forward-looking strategies, early trend identification, and risk mitigation\u2014all customized to your industry. Who Can Benefit? International trade companies Logistics and supply chain professionals Sectoral investment advisors Exporter associations and trade chambers Businesses developing market entry strategies<\/p>\n","protected":false},"author":1,"featured_media":0,"parent":0,"menu_order":0,"comment_status":"closed","ping_status":"closed","template":"","meta":{"site-sidebar-layout":"no-sidebar","site-content-layout":"","ast-site-content-layout":"full-width-container","site-content-style":"default","site-sidebar-style":"default","ast-global-header-display":"","ast-banner-title-visibility":"","ast-main-header-display":"","ast-hfb-above-header-display":"","ast-hfb-below-header-display":"","ast-hfb-mobile-header-display":"","site-post-title":"disabled","ast-breadcrumbs-content":"","ast-featured-img":"disabled","footer-sml-layout":"","ast-disable-related-posts":"","theme-transparent-header-meta":"","adv-header-id-meta":"","stick-header-meta":"","header-above-stick-meta":"","header-main-stick-meta":"","header-below-stick-meta":"","astra-migrate-meta-layouts":"default","ast-page-background-enabled":"default","ast-page-background-meta":{"desktop":{"background-color":"var(--ast-global-color-5)","background-image":"","background-repeat":"repeat","background-position":"center center","background-size":"auto","background-attachment":"scroll","background-type":"","background-media":"","overlay-type":"","overlay-color":"","overlay-opacity":"","overlay-gradient":""},"tablet":{"background-color":"","background-image":"","background-repeat":"repeat","background-position":"center center","background-size":"auto","background-attachment":"scroll","background-type":"","background-media":"","overlay-type":"","overlay-color":"","overlay-opacity":"","overlay-gradient":""},"mobile":{"background-color":"","background-image":"","background-repeat":"repeat","background-position":"center center","background-size":"auto","background-attachment":"scroll","background-type":"","background-media":"","overlay-type":"","overlay-color":"","overlay-opacity":"","overlay-gradient":""}},"ast-content-background-meta":{"desktop":{"background-color":"var(--ast-global-color-4)","background-image":"","background-repeat":"repeat","background-position":"center center","background-size":"auto","background-attachment":"scroll","background-type":"","background-media":"","overlay-type":"","overlay-color":"","overlay-opacity":"","overlay-gradient":""},"tablet":{"background-color":"var(--ast-global-color-4)","background-image":"","background-repeat":"repeat","background-position":"center center","background-size":"auto","background-attachment":"scroll","background-type":"","background-media":"","overlay-type":"","overlay-color":"","overlay-opacity":"","overlay-gradient":""},"mobile":{"background-color":"var(--ast-global-color-4)","background-image":"","background-repeat":"repeat","background-position":"center center","background-size":"auto","background-attachment":"scroll","background-type":"","background-media":"","overlay-type":"","overlay-color":"","overlay-opacity":"","overlay-gradient":""}},"footnotes":""},"class_list":["post-2278","page","type-page","status-publish","hentry"],"_links":{"self":[{"href":"https:\/\/no1td.com\/index.php?rest_route=\/wp\/v2\/pages\/2278","targetHints":{"allow":["GET"]}}],"collection":[{"href":"https:\/\/no1td.com\/index.php?rest_route=\/wp\/v2\/pages"}],"about":[{"href":"https:\/\/no1td.com\/index.php?rest_route=\/wp\/v2\/types\/page"}],"author":[{"embeddable":true,"href":"https:\/\/no1td.com\/index.php?rest_route=\/wp\/v2\/users\/1"}],"replies":[{"embeddable":true,"href":"https:\/\/no1td.com\/index.php?rest_route=%2Fwp%2Fv2%2Fcomments&post=2278"}],"version-history":[{"count":7,"href":"https:\/\/no1td.com\/index.php?rest_route=\/wp\/v2\/pages\/2278\/revisions"}],"predecessor-version":[{"id":2298,"href":"https:\/\/no1td.com\/index.php?rest_route=\/wp\/v2\/pages\/2278\/revisions\/2298"}],"wp:attachment":[{"href":"https:\/\/no1td.com\/index.php?rest_route=%2Fwp%2Fv2%2Fmedia&parent=2278"}],"curies":[{"name":"wp","href":"https:\/\/api.w.org\/{rel}","templated":true}]}}